{"id":399,"date":"2014-10-06T10:42:16","date_gmt":"2014-10-06T10:42:16","guid":{"rendered":"https:\/\/bio-nonbio.info\/poster-da-esporre\/"},"modified":"2021-03-22T19:58:00","modified_gmt":"2021-03-22T19:58:00","slug":"affiches-exhibitions","status":"publish","type":"page","link":"https:\/\/bio-nonbio.info\/fr\/affiches-exhibitions\/","title":{"rendered":"AFFICHES &#038; EXHIBITIONS"},"content":{"rendered":"<p><a name=\"plakate\"><\/a><\/p>\n<div style=\"float: right;\">\n<div id=\"cssmenu\">\n<ul>\n<li class=\"has-sub\"><a href=\"#\"><span style=\"vertical-align: inherit;\"><span style=\"vertical-align: inherit;\">ORDRE<\/span><\/span><\/a>\n<ul>\n<li><a href=\"https:\/\/shop.verlag-bewusstes-dasein.ch\/de\/Plakate\" target=\"_blank\" rel=\"noopener noreferrer\"><span style=\"vertical-align: inherit;\"><span style=\"vertical-align: inherit;\">Shop CH<\/span><\/span><\/a><\/li>\n<li><a href=\"https:\/\/shop.bio-nichtbio.info\/de\/plakate\" target=\"_blank\" rel=\"noopener noreferrer\"><span style=\"vertical-align: inherit;\"><span style=\"vertical-align: inherit;\">Shop EU<\/span><\/span><\/a><\/li>\n<\/ul>\n<\/li>\n<\/ul>\n<\/div>\n<\/div>\n<p><img loading=\"lazy\" decoding=\"async\" class=\"size-full wp-image-495 aligncenter\" src=\"https:\/\/bio-nonbio.info\/wp-content\/uploads\/2019\/10\/LaForce_posters_FR.jpg\" alt=\"\" width=\"1350\" height=\"616\" srcset=\"https:\/\/bio-nonbio.info\/wp-content\/uploads\/2019\/10\/LaForce_posters_FR.jpg 1350w, https:\/\/bio-nonbio.info\/wp-content\/uploads\/2019\/10\/LaForce_posters_FR-300x137.jpg 300w, https:\/\/bio-nonbio.info\/wp-content\/uploads\/2019\/10\/LaForce_posters_FR-768x350.jpg 768w, https:\/\/bio-nonbio.info\/wp-content\/uploads\/2019\/10\/LaForce_posters_FR-1024x467.jpg 1024w\" sizes=\"(max-width: 1350px) 100vw, 1350px\" \/><br \/>\n<a name=\"klein\"><\/a><\/p>\n<div class=\"clear-both\"><\/div>\n<div class=\"float-menu-shift\">\n<h2>AFFICHES \u00c0 EXPOSER<\/h2>\n<\/div>\n<div>Par exemple, dans les \u00e9coles, les salles de yoga, les paroisses, la mairie, les r\u00e9ceptions bancaires, etc.<\/div>\n<div>Vous pouvez commander les s\u00e9ries A ou B avec 14 affiches chacune ou les deux s\u00e9ries (A + B) pour un total de 28 affiches. Si vous commandez \u00e0 partir de 2020 sur l'une des s\u00e9ries ou les deux, vous recevrez gratuitement 5 affiches pour la pr\u00e9sentation de l'exposition et deux affiches d'introduction aux images - en langue fran\u00e7aise.<\/div>\n<div><\/div>\n<p><img loading=\"lazy\" decoding=\"async\" class=\"aligncenter size-full wp-image-96\" src=\"http:\/\/bio-nichtbio.info\/wp-content\/uploads\/2014\/10\/expo-klein-Okt14-1320-crop.jpg\" alt=\"expo-klein-Okt14-1320-crop\" width=\"1320\" height=\"765\" srcset=\"https:\/\/bio-nonbio.info\/wp-content\/uploads\/2014\/10\/expo-klein-Okt14-1320-crop.jpg 1320w, https:\/\/bio-nonbio.info\/wp-content\/uploads\/2014\/10\/expo-klein-Okt14-1320-crop-300x173.jpg 300w, https:\/\/bio-nonbio.info\/wp-content\/uploads\/2014\/10\/expo-klein-Okt14-1320-crop-1024x593.jpg 1024w\" sizes=\"(max-width: 1320px) 100vw, 1320px\" \/><\/p>\n<div><strong>Petite exposition avec la s\u00e9rie A ou B de 14 affiches \u00e0 gauche, les deux affiches d'introduction et l'affiche de pr\u00e9sentation sur support. Toutes les affiches sont au format 70 \u00d7 50, cadre blanc compris.<\/strong><\/div>\n<div><strong>Il est possible de fixer les affiches au mur de mani\u00e8re simple et pratique, sans laisser de traces, \u00e0 l\u2019aide de mastic adh\u00e9sif simple \u00e0 acheter en papeterie.<\/strong><\/div>\n<p><strong><br \/>\n<\/strong><br \/>\n<a name=\"gross\"><\/a><\/p>\n<div class=\"clear-both\"><\/div>\n<p><img loading=\"lazy\" decoding=\"async\" class=\"aligncenter size-full wp-image-95\" src=\"http:\/\/bio-nichtbio.info\/wp-content\/uploads\/2014\/10\/expo-gross-Okt14-1320-crop.jpg\" alt=\"expo-gross-Okt14-1320-crop\" width=\"1320\" height=\"656\" srcset=\"https:\/\/bio-nonbio.info\/wp-content\/uploads\/2014\/10\/expo-gross-Okt14-1320-crop.jpg 1320w, https:\/\/bio-nonbio.info\/wp-content\/uploads\/2014\/10\/expo-gross-Okt14-1320-crop-300x149.jpg 300w, https:\/\/bio-nonbio.info\/wp-content\/uploads\/2014\/10\/expo-gross-Okt14-1320-crop-1024x508.jpg 1024w\" sizes=\"(max-width: 1320px) 100vw, 1320px\" \/><\/p>\n<div><strong>Exposition compl\u00e8te avec les s\u00e9ries A et B pour un total de 28 affiches (14 + 14) plus les deux affiches de pr\u00e9sentation et l\u2019affiche de pr\u00e9sentation \u00e0 gauche.<\/strong><\/div>\n<div><strong>Toutes les affiches sont au format 50 \u00d7 70. En pla\u00e7ant trois affiches les unes au dessus des autres \u00e0 une distance de 30 cm, elles occupent une surface de 10 m de long et 2,10 m de haut (plus d\u2019un m\u00e8tre du sol).<\/strong><\/div>\n<div><strong>Sur cette photo, il y a aussi le livre, plac\u00e9 sur un support rigide. La table de vente de livres et d\u2019affiches peut \u00eatre plac\u00e9e \u00e0 l\u2019entr\u00e9e ou \u00e0 l\u2019exposition.<\/strong><\/div>\n<p><strong>\u00a0<\/strong><\/p>\n<hr align=\"center\" width=\"100%\" \/>\n<p><a name=\"plakat\"><\/a><\/p>\n<div class=\"clear-both\"><\/div>\n<div class=\"float-menu-shift\"><\/div>\n<p><img loading=\"lazy\" decoding=\"async\" class=\"aligncenter wp-image-492 size-full\" src=\"https:\/\/bio-nonbio.info\/wp-content\/uploads\/2019\/10\/191016_Plakat_Buch_FR_web.jpg\" alt=\"\" width=\"842\" height=\"1191\" srcset=\"https:\/\/bio-nonbio.info\/wp-content\/uploads\/2019\/10\/191016_Plakat_Buch_FR_web.jpg 842w, https:\/\/bio-nonbio.info\/wp-content\/uploads\/2019\/10\/191016_Plakat_Buch_FR_web-212x300.jpg 212w, https:\/\/bio-nonbio.info\/wp-content\/uploads\/2019\/10\/191016_Plakat_Buch_FR_web-768x1086.jpg 768w, https:\/\/bio-nonbio.info\/wp-content\/uploads\/2019\/10\/191016_Plakat_Buch_FR_web-724x1024.jpg 724w\" sizes=\"(max-width: 842px) 100vw, 842px\" \/><\/p>\n<div style=\"clear: both; text-align: center;font-size:125%;padding-top:30;\"><strong>Ce gamin a d\u00e9j\u00e0 tout compris. Il veut toucher le centre de la force de vie !<\/strong><\/div>\n<p><img decoding=\"async\" class=\"alignright size-full wp-image-332\" src=\"https:\/\/bio-nonbio.info\/wp-content\/uploads\/2014\/10\/13-IMG_5521.jpg\" alt=\"\" width=\"100%\" srcset=\"https:\/\/bio-nonbio.info\/wp-content\/uploads\/2014\/10\/13-IMG_5521.jpg 1200w, https:\/\/bio-nonbio.info\/wp-content\/uploads\/2014\/10\/13-IMG_5521-300x200.jpg 300w, https:\/\/bio-nonbio.info\/wp-content\/uploads\/2014\/10\/13-IMG_5521-768x512.jpg 768w, https:\/\/bio-nonbio.info\/wp-content\/uploads\/2014\/10\/13-IMG_5521-1024x683.jpg 1024w\" sizes=\"(max-width: 1200px) 100vw, 1200px\" \/><br \/>\n<img decoding=\"async\" class=\"alignright size-full wp-image-331\" src=\"https:\/\/bio-nonbio.info\/wp-content\/uploads\/2014\/10\/12-IMG_5520.jpg\" alt=\"\" width=\"100%\" srcset=\"https:\/\/bio-nonbio.info\/wp-content\/uploads\/2014\/10\/12-IMG_5520.jpg 1200w, https:\/\/bio-nonbio.info\/wp-content\/uploads\/2014\/10\/12-IMG_5520-300x200.jpg 300w, https:\/\/bio-nonbio.info\/wp-content\/uploads\/2014\/10\/12-IMG_5520-768x512.jpg 768w, https:\/\/bio-nonbio.info\/wp-content\/uploads\/2014\/10\/12-IMG_5520-1024x683.jpg 1024w\" sizes=\"(max-width: 1200px) 100vw, 1200px\" \/><\/p>\n","protected":false},"excerpt":{"rendered":"<p>ORDRE Shop CH Shop EU AFFICHES \u00c0 EXPOSER Par exemple, dans les \u00e9coles, les salles de yoga, les paroisses, la mairie, les r\u00e9ceptions bancaires, etc. Vous pouvez commander les s\u00e9ries A ou B avec 14 affiches chacune ou les deux s\u00e9ries (A + B) pour un total de 28 affiches. Si vous commandez \u00e0 partir [&hellip;]<\/p>\n","protected":false},"author":1,"featured_media":0,"parent":0,"menu_order":0,"comment_status":"closed","ping_status":"open","template":"","meta":{"footnotes":""},"_links":{"self":[{"href":"https:\/\/bio-nonbio.info\/fr\/wp-json\/wp\/v2\/pages\/399"}],"collection":[{"href":"https:\/\/bio-nonbio.info\/fr\/wp-json\/wp\/v2\/pages"}],"about":[{"href":"https:\/\/bio-nonbio.info\/fr\/wp-json\/wp\/v2\/types\/page"}],"author":[{"embeddable":true,"href":"https:\/\/bio-nonbio.info\/fr\/wp-json\/wp\/v2\/users\/1"}],"replies":[{"embeddable":true,"href":"https:\/\/bio-nonbio.info\/fr\/wp-json\/wp\/v2\/comments?post=399"}],"version-history":[{"count":11,"href":"https:\/\/bio-nonbio.info\/fr\/wp-json\/wp\/v2\/pages\/399\/revisions"}],"predecessor-version":[{"id":525,"href":"https:\/\/bio-nonbio.info\/fr\/wp-json\/wp\/v2\/pages\/399\/revisions\/525"}],"wp:attachment":[{"href":"https:\/\/bio-nonbio.info\/fr\/wp-json\/wp\/v2\/media?parent=399"}],"curies":[{"name":"wp","href":"https:\/\/api.w.org\/{rel}","templated":true}]}}