{"id":405,"date":"2014-10-06T10:43:47","date_gmt":"2014-10-06T10:43:47","guid":{"rendered":"https:\/\/bio-nonbio.info\/links\/"},"modified":"2021-03-30T09:02:00","modified_gmt":"2021-03-30T09:02:00","slug":"liens","status":"publish","type":"page","link":"https:\/\/bio-nonbio.info\/fr\/liens\/","title":{"rendered":"LIENS"},"content":{"rendered":"<h1>Le LifevisionLab<\/h1>\n<p><a href=\"https:\/\/lifevisionlab.ch\">https:\/\/lifevisionlab.ch<\/a><br \/>\na \u00e9t\u00e9 fond\u00e9e par A.W.D\u00e4nzer, l'auteur du livre pr\u00e9sent\u00e9 ici, pour am\u00e9liorer la nourriture de son entreprise Soyana \u00e0 Schlieren-Zurich de mani\u00e8re globale et en termes de la force de structure. Voyez vous-m\u00eame !<\/p>\n<h1>Soyana<\/h1>\n<p>Aujourd'hui, dans une production alimentaire moderne, Soyana produit plus de 100 aliments biologiques v\u00e9g\u00e9taliens d'une qualit\u00e9 exceptionnelle \u00e0 tous \u00e9gards, m\u00eame en termes d\u2019\u00e9nergie subtile. Vous pouvez le constater lorsque vous consultez les diff\u00e9rents aliments sur le site Web de Soyana. Puisque Soyana a \u00e9tudi\u00e9 presque chacun de ses aliments et affiche ces photos au bas de chaque page de la liste des aliments, vous pouvez voir ces images ici:<br \/>\n<a href=\"https:\/\/soyana.ch\">https:\/\/soyana.ch<\/a><br \/>\nLes aliments Soyana vous aident \u00e0 enrichir votre r\u00e9gime alimentaire ou celui de votre famille avec un large \u00e9ventail d'aliments d\u00e9licieux et sains. Vous pouvez \u00e9galement ravir vos amis avec la qualit\u00e9 unique des aliments biologiques v\u00e9g\u00e9taliens de Soyana.<\/p>\n<p>Si vous visitez Soyana et souhaitez obtenir une impression personnelle de cette entreprise familiale, vous \u00eates cordialement invit\u00e9. Voici les possibilit\u00e9s pour une visite \u00e0 SOYANA: ( l'\u00e9v\u00e9nement est en allemand )<br \/>\n<a href=\"https:\/\/soyana.ch\/events-news\/besuch-bei-soyana\/\">https:\/\/soyana.ch\/events-news\/besuch-bei-soyana\/<\/a><\/p>\n<h1>Ojas<\/h1>\n<p>L\u2019\u00e9quipe Soyana a \u00e9galement fourni des harmonies respectueuses de la vie dans l\u2019entreprise en cr\u00e9ant la division Ojas.<br \/>\nVous trouverez ici les produits Ojas que vous pouvez utiliser pour cr\u00e9er un cadre de vie harmonieux dans vos chambres:<br \/>\n<a href=\"https:\/\/ojas.ch\">https:\/\/ojas.ch<\/a><br \/>\nPlus d'infos aussi de:<br \/>\n<a href=\"http:\/\/ojas.de\">http:\/\/ojas.de<\/a><br \/>\n<a href=\"http:\/\/www.ojas.de \"><img loading=\"lazy\" decoding=\"async\" class=\"aligncenter size-full wp-image-264\" src=\"http:\/\/bio-nichtbio.info\/wp-content\/uploads\/2014\/10\/ojasde-banner-long.jpg\" alt=\"ojasde-banner long\" width=\"482\" height=\"118\" srcset=\"https:\/\/bio-nonbio.info\/wp-content\/uploads\/2014\/10\/ojasde-banner-long.jpg 482w, https:\/\/bio-nonbio.info\/wp-content\/uploads\/2014\/10\/ojasde-banner-long-300x73.jpg 300w\" sizes=\"(max-width: 482px) 100vw, 482px\" \/><\/a><\/p>\n<p><strong>Le livre La force invisible dans les aliments, Comparaison BIO et NON BIO<\/strong><\/p>\n<p><strong>est \u00e9galement disponible en allemand, italien et anglais.<\/strong><\/p>\n<p>Vous pouvez les commander sur cette page dans la boutique et trouver plus d'informations ici:<br \/>\nThe book (English): <a href=\"https:\/\/organic-nonorganic.info\">https:\/\/organic-nonorganic.info<\/a><br \/>\nIl libro: (italiano): <a href=\"https:\/\/bio-nonbio.info\">https:\/\/bio-nonbio.info<\/a><br \/>\nDas Buch (deutsch): <a href=\"https:\/\/bio-nichtbio.info\">https:\/\/bio-nichtbio.info<\/a><\/p>\n<p>Plus d'informations sur la soci\u00e9t\u00e9 Soyana de l'auteur de ce livre \u00e0 Schlieren-Z\u00fcrich sont disponibles ici:<br \/>\n<a href=\"https:\/\/soyana.ch\">https:\/\/soyana.ch<\/a><br \/>\n<a href=\"https:\/\/soyana.ch\/events-news\/besuch-bei-soyana\">https:\/\/soyana.ch\/events-news\/besuch-bei-soyana <\/a><\/p>\n","protected":false},"excerpt":{"rendered":"<p>Le LifevisionLab https:\/\/lifevisionlab.ch a \u00e9t\u00e9 fond\u00e9e par A.W.D\u00e4nzer, l'auteur du livre pr\u00e9sent\u00e9 ici, pour am\u00e9liorer la nourriture de son entreprise Soyana \u00e0 Schlieren-Zurich de mani\u00e8re globale et en termes de la force de structure. Voyez vous-m\u00eame ! Soyana Aujourd'hui, dans une production alimentaire moderne, Soyana produit plus de 100 aliments biologiques v\u00e9g\u00e9taliens d'une qualit\u00e9 exceptionnelle [&hellip;]<\/p>\n","protected":false},"author":1,"featured_media":0,"parent":0,"menu_order":0,"comment_status":"closed","ping_status":"open","template":"","meta":{"footnotes":""},"_links":{"self":[{"href":"https:\/\/bio-nonbio.info\/fr\/wp-json\/wp\/v2\/pages\/405"}],"collection":[{"href":"https:\/\/bio-nonbio.info\/fr\/wp-json\/wp\/v2\/pages"}],"about":[{"href":"https:\/\/bio-nonbio.info\/fr\/wp-json\/wp\/v2\/types\/page"}],"author":[{"embeddable":true,"href":"https:\/\/bio-nonbio.info\/fr\/wp-json\/wp\/v2\/users\/1"}],"replies":[{"embeddable":true,"href":"https:\/\/bio-nonbio.info\/fr\/wp-json\/wp\/v2\/comments?post=405"}],"version-history":[{"count":4,"href":"https:\/\/bio-nonbio.info\/fr\/wp-json\/wp\/v2\/pages\/405\/revisions"}],"predecessor-version":[{"id":513,"href":"https:\/\/bio-nonbio.info\/fr\/wp-json\/wp\/v2\/pages\/405\/revisions\/513"}],"wp:attachment":[{"href":"https:\/\/bio-nonbio.info\/fr\/wp-json\/wp\/v2\/media?parent=405"}],"curies":[{"name":"wp","href":"https:\/\/api.w.org\/{rel}","templated":true}]}}