{"id":505,"date":"2019-10-17T10:47:55","date_gmt":"2019-10-17T10:47:55","guid":{"rendered":"https:\/\/bio-nonbio.info\/?page_id=505"},"modified":"2021-03-30T09:02:58","modified_gmt":"2021-03-30T09:02:58","slug":"une-selection-darticles-sur-le-livre","status":"publish","type":"page","link":"https:\/\/bio-nonbio.info\/fr\/une-selection-darticles-sur-le-livre\/","title":{"rendered":"UNE S\u00c9LECTION D\u2019ARTICLES SUR LE LIVRE"},"content":{"rendered":"<div>Vous trouverez ici les articles publi\u00e9s en fran\u00e7ais.<\/p>\n<p>Vous pouvez maintenant trouver des articles publi\u00e9s en langue allemande ici:<\/p><\/div>\n<div><\/div>\n<div><a href=\"https:\/\/bio-nichtbio.info\/eine-auswahl-von-artikeln-uber-das-buch\/\" target=\"_blank\" rel=\"noopener noreferrer\" data-saferedirecturl=\"https:\/\/www.google.com\/url?q=https:\/\/bio-nichtbio.info\/eine-auswahl-von-artikeln-uber-das-buch\/&amp;source=gmail&amp;ust=1571375643943000&amp;usg=AFQjCNEOpLu743WIq4KnfsBu6bKl2_w1AQ\">https:\/\/bio-nichtbio.info\/<wbr \/>eine-auswahl-von-artikeln-<wbr \/>uber-das-buch\/<\/a><\/div>\n","protected":false},"excerpt":{"rendered":"<p>Vous trouverez ici les articles publi\u00e9s en fran\u00e7ais. Vous pouvez maintenant trouver des articles publi\u00e9s en langue allemande ici: https:\/\/bio-nichtbio.info\/eine-auswahl-von-artikeln-uber-das-buch\/<\/p>\n","protected":false},"author":1,"featured_media":0,"parent":0,"menu_order":0,"comment_status":"closed","ping_status":"closed","template":"","meta":{"footnotes":""},"_links":{"self":[{"href":"https:\/\/bio-nonbio.info\/fr\/wp-json\/wp\/v2\/pages\/505"}],"collection":[{"href":"https:\/\/bio-nonbio.info\/fr\/wp-json\/wp\/v2\/pages"}],"about":[{"href":"https:\/\/bio-nonbio.info\/fr\/wp-json\/wp\/v2\/types\/page"}],"author":[{"embeddable":true,"href":"https:\/\/bio-nonbio.info\/fr\/wp-json\/wp\/v2\/users\/1"}],"replies":[{"embeddable":true,"href":"https:\/\/bio-nonbio.info\/fr\/wp-json\/wp\/v2\/comments?post=505"}],"version-history":[{"count":2,"href":"https:\/\/bio-nonbio.info\/fr\/wp-json\/wp\/v2\/pages\/505\/revisions"}],"predecessor-version":[{"id":508,"href":"https:\/\/bio-nonbio.info\/fr\/wp-json\/wp\/v2\/pages\/505\/revisions\/508"}],"wp:attachment":[{"href":"https:\/\/bio-nonbio.info\/fr\/wp-json\/wp\/v2\/media?parent=505"}],"curies":[{"name":"wp","href":"https:\/\/api.w.org\/{rel}","templated":true}]}}