{"id":272,"date":"2015-01-15T16:54:05","date_gmt":"2015-01-15T16:54:05","guid":{"rendered":"http:\/\/bio-nichtbio.info\/?page_id=272"},"modified":"2021-03-30T09:07:50","modified_gmt":"2021-03-30T09:07:50","slug":"leser-stimmen","status":"publish","type":"page","link":"https:\/\/bio-nonbio.info\/it\/leser-stimmen\/","title":{"rendered":"LESER-STIMMEN"},"content":{"rendered":"<p><img loading=\"lazy\" decoding=\"async\" src=\"http:\/\/bio-nichtbio.info\/wp-content\/uploads\/2015\/01\/Silvia2.jpg\" alt=\"Silvia2\" width=\"200\" height=\"267\" class=\"alignleft size-full wp-image-280\" \/><\/p>\n<pre><span style=\"font-family: 'Century Gothic';\">Ihr Buch \u201edie unsichtbare Kraft in Lebensmitteln\u201c habe ich zum Geburtstag geschenkt bekommen. Ich bin begeistert ! Da haben Sie ein wahres Meisterwerk wie auch Kunstwerk geschaffen. M\u00f6gen viele Menschen dieses in die H\u00e4nde bekommen (was ich gerne unterst\u00fctzen werde) und die Erkenntnis gewinnen, dass nur BIO dem GANZEN dient \u2026 m\u00f6gen alle Wesen gl\u00fccklich und gesund sein.\r\nEin Dankesch\u00f6n von Herzen\r\nSilvia Widmer\r\nPraxis f\u00fcr K\u00f6rpertherapie, Wetzikon, Schweiz<br>\r\n\r\n<hr align=\"center\" width=\"50%\" \/>\r\n<br><\/span><\/pre>\n<pre><span style=\"font-family: 'Century Gothic';\"><img loading=\"lazy\" decoding=\"async\" class=\"alignright size-full wp-image-273\" src=\"http:\/\/bio-nichtbio.info\/wp-content\/uploads\/2015\/01\/Claudia250.jpg\" alt=\"Claudia250\" width=\"250\" height=\"314\" srcset=\"https:\/\/bio-nonbio.info\/wp-content\/uploads\/2015\/01\/Claudia250.jpg 250w, https:\/\/bio-nonbio.info\/wp-content\/uploads\/2015\/01\/Claudia250-239x300.jpg 239w\" sizes=\"(max-width: 250px) 100vw, 250px\" \/>Ganz herzlichen Dank f\u00fcr Ihr wundersch\u00f6nes, zum Nachdenken und Staunen anregendes Buch \"Die unsichtbare Kraft in Lebensmitteln\".\u00a0<\/span><\/pre>\n<pre><span style=\"font-family: 'Century Gothic';\">Die Bilder sind sehr faszinierend. Ich h\u00e4tte nie gedacht, dass Bio-Lebensmittel so vollkommen sch\u00f6n sind.\u00a0<\/span><\/pre>\n<pre><span style=\"font-family: 'Century Gothic';\">Im Gegensatz dazu die Nichtbio-Lebensmittel, abstossend, traurig. Das gibt wirklich zu denken.\u00a0<\/span><\/pre>\n<pre><span style=\"font-family: 'Century Gothic';\">Ihre Idee, die Bio-Lebensmittel in den L\u00e4den mit Kristallisationsbilder zu kennzeichnen finde ich sehr gut. Ich stelle mir das bildlich vor und es ist eine sehr reale Vorstellung. Das muss es geben in Zukunft.\u00a0<\/span><\/pre>\n<pre><span style=\"font-family: 'Century Gothic';\">Sehr beeindruckt haben mich die Bilder vom Rosmarin nach der Mikrowellenerw\u00e4rmung. Sie sind wie verbrannt, einfach unglaublich. Wenn man den Leuten sagt, dass die Lebensmittel nach dem Erw\u00e4rmen in der Mikrowelle tot sind, dann schauen sie komisch und ungl\u00e4ubig. Meine Mutter reagiert k\u00f6rperlich sehr allergisch auf Mikrowellenstrahlen.\u00a0<\/span><\/pre>\n<pre><span style=\"font-family: 'Century Gothic';\">Immer wenn m\u00f6glich kaufe (im Sommer alles vom eigenen Garten) und esse ich Bio Lebensmittel. Ihr Buch hat aufgew\u00fchlt und vieles in Frage gestellt. Das heisst, es ist f\u00fcr mich ein MUSS, ganz auf Bio-Lebensmittel umzustellen, obwohl diese zurzeit immer noch teurer sind. Denn mit allem anderen bringe ich ja mein K\u00f6rper durcheinander und schw\u00e4che ihn.\u00a0<\/span><\/pre>\n<pre><span style=\"font-family: 'Century Gothic';\">Danke f\u00fcr alles was Sie tun, damit die Menschen gesund bleiben und wieder werden. Ein Kompliment auch an Ihr Chi-Getr\u00e4nk, ich liebe es und werde es zuk\u00fcnftig \u00f6fter geniessen. Alles Gute und weiterhin viel Kraft f\u00fcr alles wunderbar Sch\u00f6ne, das Sie tun.\u00a0<\/span><\/pre>\n<pre>Claudia S., Langnau (Schweiz)<\/pre>\n<hr align=\"center\" width=\"50%\" \/>\n","protected":false},"excerpt":{"rendered":"<p>Ihr Buch \u201edie unsichtbare Kraft in Lebensmitteln\u201c habe ich zum Geburtstag geschenkt bekommen. Ich bin begeistert ! Da haben Sie ein wahres Meisterwerk wie auch Kunstwerk geschaffen. M\u00f6gen viele Menschen dieses in die H\u00e4nde bekommen (was ich gerne unterst\u00fctzen werde) und die Erkenntnis gewinnen, dass nur BIO dem GANZEN dient \u2026 m\u00f6gen alle Wesen gl\u00fccklich [&hellip;]<\/p>\n","protected":false},"author":1,"featured_media":0,"parent":0,"menu_order":0,"comment_status":"closed","ping_status":"open","template":"","meta":{"footnotes":""},"_links":{"self":[{"href":"https:\/\/bio-nonbio.info\/it\/wp-json\/wp\/v2\/pages\/272"}],"collection":[{"href":"https:\/\/bio-nonbio.info\/it\/wp-json\/wp\/v2\/pages"}],"about":[{"href":"https:\/\/bio-nonbio.info\/it\/wp-json\/wp\/v2\/types\/page"}],"author":[{"embeddable":true,"href":"https:\/\/bio-nonbio.info\/it\/wp-json\/wp\/v2\/users\/1"}],"replies":[{"embeddable":true,"href":"https:\/\/bio-nonbio.info\/it\/wp-json\/wp\/v2\/comments?post=272"}],"version-history":[{"count":9,"href":"https:\/\/bio-nonbio.info\/it\/wp-json\/wp\/v2\/pages\/272\/revisions"}],"predecessor-version":[{"id":286,"href":"https:\/\/bio-nonbio.info\/it\/wp-json\/wp\/v2\/pages\/272\/revisions\/286"}],"wp:attachment":[{"href":"https:\/\/bio-nonbio.info\/it\/wp-json\/wp\/v2\/media?parent=272"}],"curies":[{"name":"wp","href":"https:\/\/api.w.org\/{rel}","templated":true}]}}